{"id":325,"date":"2023-06-16T15:36:55","date_gmt":"2023-06-16T13:36:55","guid":{"rendered":"https:\/\/martagraurafel.com\/?page_id=325"},"modified":"2025-07-14T12:50:58","modified_gmt":"2025-07-14T10:50:58","slug":"politica-de-accesibilidad","status":"publish","type":"page","link":"https:\/\/martagraurafel.com\/es\/politica-de-accesibilidad\/","title":{"rendered":"Pol\u00edtica de accesibilidad"},"content":{"rendered":"\t\t<div data-elementor-type=\"wp-page\" data-elementor-id=\"325\" class=\"elementor elementor-325\" data-elementor-post-type=\"page\">\n\t\t\t\t\t\t<section class=\"elementor-section elementor-top-section elementor-element elementor-element-98e1df3 elementor-section-boxed elementor-section-height-default elementor-section-height-default\" data-id=\"98e1df3\" data-element_type=\"section\" data-e-type=\"section\">\n\t\t\t\t\t\t<div class=\"elementor-container elementor-column-gap-default\">\n\t\t\t\t\t<div class=\"elementor-column elementor-col-100 elementor-top-column elementor-element elementor-element-f27ba1f\" data-id=\"f27ba1f\" data-element_type=\"column\" data-e-type=\"column\">\n\t\t\t<div class=\"elementor-widget-wrap elementor-element-populated\">\n\t\t\t\t\t\t<div class=\"elementor-element elementor-element-d9a6ad6 elementor-widget elementor-widget-heading\" data-id=\"d9a6ad6\" data-element_type=\"widget\" data-e-type=\"widget\" data-widget_type=\"heading.default\">\n\t\t\t\t<div class=\"elementor-widget-container\">\n\t\t\t\t\t<h1 class=\"elementor-heading-title elementor-size-default\">Pol\u00edtica de accesibilidad<\/h1>\t\t\t\t<\/div>\n\t\t\t\t<\/div>\n\t\t\t\t<div class=\"elementor-element elementor-element-b4c043b elementor-widget elementor-widget-text-editor\" data-id=\"b4c043b\" data-element_type=\"widget\" data-e-type=\"widget\" data-widget_type=\"text-editor.default\">\n\t\t\t\t<div class=\"elementor-widget-container\">\n\t\t\t\t\t\t\t\t\t<p>La empresa  se ha comprometido a hacer accesible su sitio web de conformidad con el Real Decreto 1112\/2018, de 7 de septiembre, sobre accesibilidad de los sitios web y aplicaciones para dispositivos m\u00f3viles del sector p\u00fablico, o desarrollos financiados desde Europa.<\/p><p>La presente declaraci\u00f3n de accesibilidad se aplica al sitio web <strong> <\/strong>excluyendo los contenidos incrustados provenientes de otros dominios.<\/p><p><strong>Situaci\u00f3n de cumplimiento<\/strong><br \/>Este sitio web es Parcialmente conforme con el RD 1112\/2018 debido a la falta de conformidad de los aspectos que se indican a continuaci\u00f3n.<\/p><p><strong>Contenido no accesible<\/strong><\/p><p>El contenido que se recoge a continuaci\u00f3n no es accesible por los siguientes motivos:<\/p><ul><li>Falta de conformidad:<\/li><li>Pueden existir algunas im\u00e1genes cuya alternativa no est\u00e9 implementada o no sea correcta &#8211; \u2013 Requisito 9.1.1.1 Contenido no textual UNE-EN 301549:2022<\/li><li>En los formularios, puede haber campos que no se hayan facilitado su rellenado a trav\u00e9s de sistemas autom\u00e1ticos \u2013 Requisito 9.1.3.5 Identificar el prop\u00f3sito de la entrada UNE-EN 301549:2022<\/li><li>Puede haber elementos cuyo contraste no sea el suficiente en algunas p\u00e1ginas \u2013 Requisito 9.1.4.3 Contraste UNE-EN 301549:2020<\/li><li>Puede haber campos de formulario donde su etiqueta no sea correcta o no exista \u2013 Requisito n\u00famero 9.3.3.2 Etiquetas o instrucciones de UNE-EN 301549:2022<\/li><li>Pueden existir algunos errores de parseo en el c\u00f3digo &#8211; Requisito n\u00famero 9.4.1.1 Procesamiento de UNE-EN 301549:2022<\/li><li>Podr\u00edan existir fallos puntuales de edici\u00f3n en alguna p\u00e1gina web.<\/li><li>Carga desproporcionada: No resulta aplicable.<\/li><li>El contenido no entra dentro del \u00e1mbito de la legislaci\u00f3n aplicable.<br \/>Podr\u00edan existir archivos ofim\u00e1ticos en PDF u otros formatos publicados antes del 20 de septiembre de 2018 que no cumplan en su totalidad todos los requisitos de accesibilidad.<br \/>Puede haber contenidos de terceros que no est\u00e9n desarrollados en esta Unidad, ni bajo su control, como archivos ofim\u00e1ticos de diferentes organismos que deban publicarse en este sitio.<\/li><\/ul><p><strong>Observaciones y datos de contacto<\/strong><\/p><ul><li>Puede realizar comunicaciones sobre requisitos de accesibilidad [art\u00edculo 10.2.a) del RD 1112\/2018] como, por ejemplo:<br \/>Informar sobre cualquier posible incumplimiento por parte de este sitio web.<\/li><li>Transmitir otras dificultades de acceso al contenido.<\/li><li>Formular cualquier otra consulta o sugerencia de mejora relativa a la accesibilidad del sitio web a trav\u00e9s del siguiente <a rel=\"noopener\"> <\/a>o llamando al tel\u00e9fono 656360553 de 9 a 14 horas de lunes a viernes.<\/li><\/ul><p><strong>Puede presentar:<\/strong><\/p><ul><li>Una queja relativa al cumplimiento de los requisitos del RD 1112\/2018<\/li><li>Una solicitud de informaci\u00f3n accesible relativa a:<ul><li>Contenidos que est\u00e1n excluidos del \u00e1mbito de aplicaci\u00f3n del RD 1112\/2018 seg\u00fan lo establecido por el art\u00edculo 3, apartado 4.<\/li><li>Contenidos que est\u00e1n exentos del cumplimiento de los requisitos de accesibilidad por imponer una carga desproporcionada.<\/li><\/ul><\/li><\/ul><p>En la solicitud de informaci\u00f3n accesible, se debe concretar, con toda claridad, los hechos, razones y petici\u00f3n que permitan constatar que se trata de una solicitud razonable y leg\u00edtima.<\/p>\t\t\t\t\t\t\t\t<\/div>\n\t\t\t\t<\/div>\n\t\t\t\t\t<\/div>\n\t\t<\/div>\n\t\t\t\t\t<\/div>\n\t\t<\/section>\n\t\t\t\t<\/div>\n\t\t","protected":false},"excerpt":{"rendered":"<p>Pol\u00edtica de accesibilidad La empresa se ha comprometido a hacer accesible su sitio web de conformidad con el Real Decreto 1112\/2018, de 7 de septiembre, sobre accesibilidad de los sitios web y aplicaciones para dispositivos m\u00f3viles del sector p\u00fablico, o desarrollos financiados desde Europa. La presente declaraci\u00f3n de accesibilidad se aplica al sitio web excluyendo [&hellip;]<\/p>\n","protected":false},"author":2,"featured_media":0,"parent":0,"menu_order":0,"comment_status":"closed","ping_status":"closed","template":"","meta":{"_acf_changed":false,"inline_featured_image":false,"footnotes":""},"class_list":["post-325","page","type-page","status-publish","hentry"],"acf":[],"yoast_head":"<!-- This site is optimized with the Yoast SEO plugin v27.4 - https:\/\/yoast.com\/product\/yoast-seo-wordpress\/ -->\n<title>\u25b7Pol\u00edtica de accesibilidad - \u3010 Marta Grau Rafel \u3011<\/title>\n<meta name=\"description\" content=\"Pol\u00edtica de accesibilidad La empresa se ha comprometido a hacer accesible su sitio web de conformidad con el Real Decreto 1112\/2018, de 7 de septiembre, \u2713\" \/>\n<meta name=\"robots\" content=\"noindex, nofollow\" \/>\n<meta property=\"og:locale\" content=\"es_ES\" \/>\n<meta property=\"og:type\" content=\"article\" \/>\n<meta property=\"og:title\" content=\"\u25b7Pol\u00edtica de accesibilidad - \u3010 Marta Grau Rafel \u3011\" \/>\n<meta property=\"og:description\" content=\"Pol\u00edtica de accesibilidad La empresa se ha comprometido a hacer accesible su sitio web de conformidad con el Real Decreto 1112\/2018, de 7 de septiembre, \u2713\" \/>\n<meta property=\"og:url\" content=\"https:\/\/martagraurafel.com\/es\/politica-de-accesibilidad\/\" \/>\n<meta property=\"og:site_name\" content=\"Marta Grau Rafel\" \/>\n<meta property=\"article:modified_time\" content=\"2025-07-14T10:50:58+00:00\" \/>\n<meta name=\"twitter:card\" content=\"summary_large_image\" \/>\n<meta name=\"twitter:label1\" content=\"Tiempo de lectura\" \/>\n\t<meta name=\"twitter:data1\" content=\"3 minutos\" \/>\n<script type=\"application\/ld+json\" class=\"yoast-schema-graph\">{\"@context\":\"https:\\\/\\\/schema.org\",\"@graph\":[{\"@type\":\"WebPage\",\"@id\":\"https:\\\/\\\/martagraurafel.com\\\/es\\\/politica-de-accesibilidad\\\/\",\"url\":\"https:\\\/\\\/martagraurafel.com\\\/es\\\/politica-de-accesibilidad\\\/\",\"name\":\"\u25b7Pol\u00edtica de accesibilidad - \u3010 Marta Grau Rafel \u3011\",\"isPartOf\":{\"@id\":\"https:\\\/\\\/martagraurafel.com\\\/es\\\/#website\"},\"datePublished\":\"2023-06-16T13:36:55+00:00\",\"dateModified\":\"2025-07-14T10:50:58+00:00\",\"description\":\"Pol\u00edtica de accesibilidad La empresa se ha comprometido a hacer accesible su sitio web de conformidad con el Real Decreto 1112\\\/2018, de 7 de septiembre, \u2713\",\"breadcrumb\":{\"@id\":\"https:\\\/\\\/martagraurafel.com\\\/es\\\/politica-de-accesibilidad\\\/#breadcrumb\"},\"inLanguage\":\"es\",\"potentialAction\":[{\"@type\":\"ReadAction\",\"target\":[\"https:\\\/\\\/martagraurafel.com\\\/es\\\/politica-de-accesibilidad\\\/\"]}]},{\"@type\":\"BreadcrumbList\",\"@id\":\"https:\\\/\\\/martagraurafel.com\\\/es\\\/politica-de-accesibilidad\\\/#breadcrumb\",\"itemListElement\":[{\"@type\":\"ListItem\",\"position\":1,\"name\":\"Portada\",\"item\":\"https:\\\/\\\/martagraurafel.com\\\/es\\\/\"},{\"@type\":\"ListItem\",\"position\":2,\"name\":\"Pol\u00edtica de accesibilidad\"}]},{\"@type\":\"WebSite\",\"@id\":\"https:\\\/\\\/martagraurafel.com\\\/es\\\/#website\",\"url\":\"https:\\\/\\\/martagraurafel.com\\\/es\\\/\",\"name\":\"Marta Grau Rafel\",\"description\":\"Escriptora, guionista, consultora i docent\",\"potentialAction\":[{\"@type\":\"SearchAction\",\"target\":{\"@type\":\"EntryPoint\",\"urlTemplate\":\"https:\\\/\\\/martagraurafel.com\\\/es\\\/?s={search_term_string}\"},\"query-input\":{\"@type\":\"PropertyValueSpecification\",\"valueRequired\":true,\"valueName\":\"search_term_string\"}}],\"inLanguage\":\"es\"}]}<\/script>\n<!-- \/ Yoast SEO plugin. -->","yoast_head_json":{"title":"\u25b7Pol\u00edtica de accesibilidad - \u3010 Marta Grau Rafel \u3011","description":"Pol\u00edtica de accesibilidad La empresa se ha comprometido a hacer accesible su sitio web de conformidad con el Real Decreto 1112\/2018, de 7 de septiembre, \u2713","robots":{"index":"noindex","follow":"nofollow"},"og_locale":"es_ES","og_type":"article","og_title":"\u25b7Pol\u00edtica de accesibilidad - \u3010 Marta Grau Rafel \u3011","og_description":"Pol\u00edtica de accesibilidad La empresa se ha comprometido a hacer accesible su sitio web de conformidad con el Real Decreto 1112\/2018, de 7 de septiembre, \u2713","og_url":"https:\/\/martagraurafel.com\/es\/politica-de-accesibilidad\/","og_site_name":"Marta Grau Rafel","article_modified_time":"2025-07-14T10:50:58+00:00","twitter_card":"summary_large_image","twitter_misc":{"Tiempo de lectura":"3 minutos"},"schema":{"@context":"https:\/\/schema.org","@graph":[{"@type":"WebPage","@id":"https:\/\/martagraurafel.com\/es\/politica-de-accesibilidad\/","url":"https:\/\/martagraurafel.com\/es\/politica-de-accesibilidad\/","name":"\u25b7Pol\u00edtica de accesibilidad - \u3010 Marta Grau Rafel \u3011","isPartOf":{"@id":"https:\/\/martagraurafel.com\/es\/#website"},"datePublished":"2023-06-16T13:36:55+00:00","dateModified":"2025-07-14T10:50:58+00:00","description":"Pol\u00edtica de accesibilidad La empresa se ha comprometido a hacer accesible su sitio web de conformidad con el Real Decreto 1112\/2018, de 7 de septiembre, \u2713","breadcrumb":{"@id":"https:\/\/martagraurafel.com\/es\/politica-de-accesibilidad\/#breadcrumb"},"inLanguage":"es","potentialAction":[{"@type":"ReadAction","target":["https:\/\/martagraurafel.com\/es\/politica-de-accesibilidad\/"]}]},{"@type":"BreadcrumbList","@id":"https:\/\/martagraurafel.com\/es\/politica-de-accesibilidad\/#breadcrumb","itemListElement":[{"@type":"ListItem","position":1,"name":"Portada","item":"https:\/\/martagraurafel.com\/es\/"},{"@type":"ListItem","position":2,"name":"Pol\u00edtica de accesibilidad"}]},{"@type":"WebSite","@id":"https:\/\/martagraurafel.com\/es\/#website","url":"https:\/\/martagraurafel.com\/es\/","name":"Marta Grau Rafel","description":"Escriptora, guionista, consultora i docent","potentialAction":[{"@type":"SearchAction","target":{"@type":"EntryPoint","urlTemplate":"https:\/\/martagraurafel.com\/es\/?s={search_term_string}"},"query-input":{"@type":"PropertyValueSpecification","valueRequired":true,"valueName":"search_term_string"}}],"inLanguage":"es"}]}},"_links":{"self":[{"href":"https:\/\/martagraurafel.com\/es\/wp-json\/wp\/v2\/pages\/325","targetHints":{"allow":["GET"]}}],"collection":[{"href":"https:\/\/martagraurafel.com\/es\/wp-json\/wp\/v2\/pages"}],"about":[{"href":"https:\/\/martagraurafel.com\/es\/wp-json\/wp\/v2\/types\/page"}],"author":[{"embeddable":true,"href":"https:\/\/martagraurafel.com\/es\/wp-json\/wp\/v2\/users\/2"}],"replies":[{"embeddable":true,"href":"https:\/\/martagraurafel.com\/es\/wp-json\/wp\/v2\/comments?post=325"}],"version-history":[{"count":4,"href":"https:\/\/martagraurafel.com\/es\/wp-json\/wp\/v2\/pages\/325\/revisions"}],"predecessor-version":[{"id":2248,"href":"https:\/\/martagraurafel.com\/es\/wp-json\/wp\/v2\/pages\/325\/revisions\/2248"}],"wp:attachment":[{"href":"https:\/\/martagraurafel.com\/es\/wp-json\/wp\/v2\/media?parent=325"}],"curies":[{"name":"wp","href":"https:\/\/api.w.org\/{rel}","templated":true}]}}