{"id":2824,"date":"2023-02-07T11:05:17","date_gmt":"2023-02-07T10:05:17","guid":{"rendered":"https:\/\/martagraurafel.com\/contacto\/"},"modified":"2025-10-22T15:17:49","modified_gmt":"2025-10-22T13:17:49","slug":"contacto","status":"publish","type":"page","link":"https:\/\/martagraurafel.com\/es\/contacto\/","title":{"rendered":"Sobre mi"},"content":{"rendered":"\t\t<div data-elementor-type=\"wp-page\" data-elementor-id=\"2824\" class=\"elementor elementor-2824 elementor-155\" data-elementor-post-type=\"page\">\n\t\t\t\t<div class=\"elementor-element elementor-element-47fab58 e-flex e-con-boxed e-con e-parent\" data-id=\"47fab58\" data-element_type=\"container\" data-e-type=\"container\">\n\t\t\t\t\t<div class=\"e-con-inner\">\n\t\t\t\t<div class=\"elementor-element elementor-element-b59786c elementor-widget elementor-widget-heading\" data-id=\"b59786c\" data-element_type=\"widget\" data-e-type=\"widget\" aria-label=\"heading\" role=\"heading\" data-widget_type=\"heading.default\">\n\t\t\t\t<div class=\"elementor-widget-container\">\n\t\t\t\t\t<h1 class=\"elementor-heading-title elementor-size-default\">Sobre mi<\/h1>\t\t\t\t<\/div>\n\t\t\t\t<\/div>\n\t\t\t\t\t<\/div>\n\t\t\t\t<\/div>\n\t\t<div class=\"elementor-element elementor-element-b6ec337 e-flex e-con-boxed e-con e-parent\" data-id=\"b6ec337\" data-element_type=\"container\" data-e-type=\"container\" aria-label=\"article\" role=\"article\">\n\t\t\t\t\t<div class=\"e-con-inner\">\n\t\t<div class=\"elementor-element elementor-element-7924558 e-con-full e-flex e-con e-child\" data-id=\"7924558\" data-element_type=\"container\" data-e-type=\"container\">\n\t\t\t\t<div class=\"elementor-element elementor-element-b5bfd2c elementor-widget-laptop__width-initial elementor-widget elementor-widget-image\" data-id=\"b5bfd2c\" data-element_type=\"widget\" data-e-type=\"widget\" data-widget_type=\"image.default\">\n\t\t\t\t<div class=\"elementor-widget-container\">\n\t\t\t\t\t\t\t\t\t\t\t\t\t\t\t<img fetchpriority=\"high\" decoding=\"async\" width=\"332\" height=\"514\" src=\"https:\/\/martagraurafel.com\/wp-content\/uploads\/2025\/07\/Rectangle-43.png\" class=\"attachment-large size-large wp-image-1296\" alt=\"\" srcset=\"https:\/\/martagraurafel.com\/wp-content\/uploads\/2025\/07\/Rectangle-43.png 332w, https:\/\/martagraurafel.com\/wp-content\/uploads\/2025\/07\/Rectangle-43-194x300.png 194w, https:\/\/martagraurafel.com\/wp-content\/uploads\/2025\/07\/Rectangle-43-180x279.png 180w\" sizes=\"(max-width: 332px) 100vw, 332px\" \/>\t\t\t\t\t\t\t\t\t\t\t\t\t\t\t<\/div>\n\t\t\t\t<\/div>\n\t\t<div class=\"elementor-element elementor-element-2ad64a0 e-con-full sobre_mi e-flex e-con e-child\" data-id=\"2ad64a0\" data-element_type=\"container\" data-e-type=\"container\">\n\t\t\t\t<div class=\"elementor-element elementor-element-5b1a3dc elementor-widget__width-initial elementor-widget elementor-widget-heading\" data-id=\"5b1a3dc\" data-element_type=\"widget\" data-e-type=\"widget\" data-widget_type=\"heading.default\">\n\t\t\t\t<div class=\"elementor-widget-container\">\n\t\t\t\t\t<div class=\"elementor-heading-title elementor-size-default\">Escr\u00edbeme un correo a <a href=\"mailto:mgraurafel@gmail.com\">mgraurafel@gmail.com<\/a><\/div>\t\t\t\t<\/div>\n\t\t\t\t<\/div>\n\t\t<div class=\"elementor-element elementor-element-e2c7b0d e-con-full e-flex e-con e-child\" data-id=\"e2c7b0d\" data-element_type=\"container\" data-e-type=\"container\">\n\t\t\t\t<div class=\"elementor-element elementor-element-81097a6 elementor-widget__width-initial elementor-widget elementor-widget-heading\" data-id=\"81097a6\" data-element_type=\"widget\" data-e-type=\"widget\" data-widget_type=\"heading.default\">\n\t\t\t\t<div class=\"elementor-widget-container\">\n\t\t\t\t\t<div class=\"elementor-heading-title elementor-size-default\"><a href=\"https:\/\/es.linkedin.com\/in\/martagraurafel\" target=\"_blank\" rel=\"nofollow\">LinkedIn<\/a><\/div>\t\t\t\t<\/div>\n\t\t\t\t<\/div>\n\t\t\t\t<div class=\"elementor-element elementor-element-39ac8f9 elementor-widget__width-initial elementor-widget elementor-widget-heading\" data-id=\"39ac8f9\" data-element_type=\"widget\" data-e-type=\"widget\" data-widget_type=\"heading.default\">\n\t\t\t\t<div class=\"elementor-widget-container\">\n\t\t\t\t\t<div class=\"elementor-heading-title elementor-size-default\"><a href=\"https:\/\/www.imdb.com\/es-es\/name\/nm3293517\/?ref_=tt_ov_2_1\" target=\"_blank\" rel=\"nofollow\">IMDb<\/a><\/div>\t\t\t\t<\/div>\n\t\t\t\t<\/div>\n\t\t\t\t<div class=\"elementor-element elementor-element-d920999 elementor-widget__width-initial elementor-widget elementor-widget-heading\" data-id=\"d920999\" data-element_type=\"widget\" data-e-type=\"widget\" data-widget_type=\"heading.default\">\n\t\t\t\t<div class=\"elementor-widget-container\">\n\t\t\t\t\t<div class=\"elementor-heading-title elementor-size-default\"><a href=\"https:\/\/donesvisuals.cat\/usuaris\/marta-grau-rafel\/\" target=\"_blank\" rel=\"nofollow\">Dones Visuals<\/a><\/div>\t\t\t\t<\/div>\n\t\t\t\t<\/div>\n\t\t\t\t<\/div>\n\t\t\t\t<\/div>\n\t\t\t\t<\/div>\n\t\t<div class=\"elementor-element elementor-element-1bdf36b e-con-full e-flex e-con e-child\" data-id=\"1bdf36b\" data-element_type=\"container\" data-e-type=\"container\">\n\t\t\t\t<div class=\"elementor-element elementor-element-1b57c84 elementor-widget elementor-widget-text-editor\" data-id=\"1b57c84\" data-element_type=\"widget\" data-e-type=\"widget\" data-widget_type=\"text-editor.default\">\n\t\t\t\t<div class=\"elementor-widget-container\">\n\t\t\t\t\t\t\t\t\t<p>\u00bfCine o televisi\u00f3n? \u00bfLibros o pel\u00edculas? \u00a1Es dif\u00edcil escoger cuando lo que te gusta es, simplemente, contar historias!  <\/p><p>Nac\u00ed en Barcelona y, desde peque\u00f1a, me fascinaba que me contaran historias: historias antes de ir a dormir; o los cuentos que me le\u00edan y me aprend\u00eda de memoria, o pel\u00edculas que pod\u00eda volver a ver hasta veinte veces&#8230;<\/p><p>De mayor, ya no s\u00f3lo me fascinaban las historias que encontraba en los libros y en el cine, sino tambi\u00e9n las que me contaban las personas que conoc\u00eda. Las peque\u00f1as cosas que la gente vive son tan o m\u00e1s fascinantes que las que uno puede encontrar en los libros. \u00a1Y mi pasi\u00f3n por viajar ayud\u00f3 bastante a no parar nunca de conocer, escuchar e imaginar!  <\/p><p>Esto me llev\u00f3 a pensar que tambi\u00e9n quer\u00eda escribir mis propias historias y acab\u00e9 estudiando Comunicaci\u00f3n Audiovisual. Sin embargo, nunca olvid\u00e9 lo que me hab\u00eda movido desde el principio: los libros. Escrib\u00eda mis propias novelas y, en paralelo, empec\u00e9 a trabajar en el mundo del cine. Debut\u00e9 como analista de guiones y editora, y poco despu\u00e9s entraba a trabajar en el Centro de Desarrollo Audiovisual, acabando siendo jefe del \u00e1rea de Contenidos. Historias y m\u00e1s historias me llevaron a trabajar por mi cuenta ya poder acabar viendo, finalmente, algunos de mis relatos en la televisi\u00f3n y en la gran pantalla del cine o incluso publicados en libros.<\/p><p>Ahora mismo, sigo escuchando, viajando, leyendo y escribiendo: libros y guiones, para cine y televisi\u00f3n, por p\u00fablico adulto y juvenil. Al mismo tiempo tengo la suerte de poder ense\u00f1ar a la Universidad lo que me apasiona: el arte de escribir y atrapar con una buena historia tanto a los lectores como a los espectadores. <\/p>\t\t\t\t\t\t\t\t<\/div>\n\t\t\t\t<\/div>\n\t\t\t\t<\/div>\n\t\t\t\t\t<\/div>\n\t\t\t\t<\/div>\n\t\t\t\t<\/div>\n\t\t","protected":false},"excerpt":{"rendered":"<p>Sobre mi Escr\u00edbeme un correo a mgraurafel@gmail.com LinkedIn IMDb Dones Visuals \u00bfCine o televisi\u00f3n? \u00bfLibros o pel\u00edculas? \u00a1Es dif\u00edcil escoger cuando lo que te gusta es, simplemente, contar historias! Nac\u00ed en Barcelona y, desde peque\u00f1a, me fascinaba que me contaran historias: historias antes de ir a dormir; o los cuentos que me le\u00edan y me [&hellip;]<\/p>\n","protected":false},"author":2,"featured_media":0,"parent":0,"menu_order":0,"comment_status":"closed","ping_status":"closed","template":"","meta":{"_acf_changed":false,"inline_featured_image":false,"footnotes":""},"class_list":["post-2824","page","type-page","status-publish","hentry"],"acf":[],"yoast_head":"<!-- This site is optimized with the Yoast SEO plugin v27.4 - https:\/\/yoast.com\/product\/yoast-seo-wordpress\/ -->\n<title>\u25b7Sobre mi - \u3010 Marta Grau Rafel \u3011<\/title>\n<meta name=\"description\" content=\"Sobre mi Escr\u00edbeme un correo a mgraurafel@gmail.com LinkedIn IMDb Dones Visuals \u00bfCine o televisi\u00f3n? \u00bfLibros o pel\u00edculas? \u00a1Es dif\u00edcil escoger cuando lo que \u2713\" \/>\n<meta name=\"robots\" content=\"index, follow, max-snippet:-1, max-image-preview:large, max-video-preview:-1\" \/>\n<link rel=\"canonical\" href=\"https:\/\/martagraurafel.com\/es\/contacto\/\" \/>\n<meta property=\"og:locale\" content=\"es_ES\" \/>\n<meta property=\"og:type\" content=\"article\" \/>\n<meta property=\"og:title\" content=\"\u25b7Sobre mi - \u3010 Marta Grau Rafel \u3011\" \/>\n<meta property=\"og:description\" content=\"Sobre mi Escr\u00edbeme un correo a mgraurafel@gmail.com LinkedIn IMDb Dones Visuals \u00bfCine o televisi\u00f3n? \u00bfLibros o pel\u00edculas? \u00a1Es dif\u00edcil escoger cuando lo que \u2713\" \/>\n<meta property=\"og:url\" content=\"https:\/\/martagraurafel.com\/es\/contacto\/\" \/>\n<meta property=\"og:site_name\" content=\"Marta Grau Rafel\" \/>\n<meta property=\"article:modified_time\" content=\"2025-10-22T13:17:49+00:00\" \/>\n<meta property=\"og:image\" content=\"https:\/\/martagraurafel.com\/wp-content\/uploads\/2025\/07\/Rectangle-43.png\" \/>\n\t<meta property=\"og:image:width\" content=\"332\" \/>\n\t<meta property=\"og:image:height\" content=\"514\" \/>\n\t<meta property=\"og:image:type\" content=\"image\/png\" \/>\n<meta name=\"twitter:card\" content=\"summary_large_image\" \/>\n<meta name=\"twitter:label1\" content=\"Tiempo de lectura\" \/>\n\t<meta name=\"twitter:data1\" content=\"2 minutos\" \/>\n<script type=\"application\/ld+json\" class=\"yoast-schema-graph\">{\"@context\":\"https:\\\/\\\/schema.org\",\"@graph\":[{\"@type\":\"WebPage\",\"@id\":\"https:\\\/\\\/martagraurafel.com\\\/es\\\/contacto\\\/\",\"url\":\"https:\\\/\\\/martagraurafel.com\\\/es\\\/contacto\\\/\",\"name\":\"\u25b7Sobre mi - \u3010 Marta Grau Rafel \u3011\",\"isPartOf\":{\"@id\":\"https:\\\/\\\/martagraurafel.com\\\/es\\\/#website\"},\"primaryImageOfPage\":{\"@id\":\"https:\\\/\\\/martagraurafel.com\\\/es\\\/contacto\\\/#primaryimage\"},\"image\":{\"@id\":\"https:\\\/\\\/martagraurafel.com\\\/es\\\/contacto\\\/#primaryimage\"},\"thumbnailUrl\":\"https:\\\/\\\/martagraurafel.com\\\/wp-content\\\/uploads\\\/2025\\\/07\\\/Rectangle-43.png\",\"datePublished\":\"2023-02-07T10:05:17+00:00\",\"dateModified\":\"2025-10-22T13:17:49+00:00\",\"description\":\"Sobre mi Escr\u00edbeme un correo a mgraurafel@gmail.com LinkedIn IMDb Dones Visuals \u00bfCine o televisi\u00f3n? \u00bfLibros o pel\u00edculas? \u00a1Es dif\u00edcil escoger cuando lo que \u2713\",\"breadcrumb\":{\"@id\":\"https:\\\/\\\/martagraurafel.com\\\/es\\\/contacto\\\/#breadcrumb\"},\"inLanguage\":\"es\",\"potentialAction\":[{\"@type\":\"ReadAction\",\"target\":[\"https:\\\/\\\/martagraurafel.com\\\/es\\\/contacto\\\/\"]}]},{\"@type\":\"ImageObject\",\"inLanguage\":\"es\",\"@id\":\"https:\\\/\\\/martagraurafel.com\\\/es\\\/contacto\\\/#primaryimage\",\"url\":\"https:\\\/\\\/martagraurafel.com\\\/wp-content\\\/uploads\\\/2025\\\/07\\\/Rectangle-43.png\",\"contentUrl\":\"https:\\\/\\\/martagraurafel.com\\\/wp-content\\\/uploads\\\/2025\\\/07\\\/Rectangle-43.png\"},{\"@type\":\"BreadcrumbList\",\"@id\":\"https:\\\/\\\/martagraurafel.com\\\/es\\\/contacto\\\/#breadcrumb\",\"itemListElement\":[{\"@type\":\"ListItem\",\"position\":1,\"name\":\"Portada\",\"item\":\"https:\\\/\\\/martagraurafel.com\\\/es\\\/\"},{\"@type\":\"ListItem\",\"position\":2,\"name\":\"Sobre mi\"}]},{\"@type\":\"WebSite\",\"@id\":\"https:\\\/\\\/martagraurafel.com\\\/es\\\/#website\",\"url\":\"https:\\\/\\\/martagraurafel.com\\\/es\\\/\",\"name\":\"Marta Grau Rafel\",\"description\":\"Escriptora, guionista, consultora i docent\",\"potentialAction\":[{\"@type\":\"SearchAction\",\"target\":{\"@type\":\"EntryPoint\",\"urlTemplate\":\"https:\\\/\\\/martagraurafel.com\\\/es\\\/?s={search_term_string}\"},\"query-input\":{\"@type\":\"PropertyValueSpecification\",\"valueRequired\":true,\"valueName\":\"search_term_string\"}}],\"inLanguage\":\"es\"}]}<\/script>\n<!-- \/ Yoast SEO plugin. -->","yoast_head_json":{"title":"\u25b7Sobre mi - \u3010 Marta Grau Rafel \u3011","description":"Sobre mi Escr\u00edbeme un correo a mgraurafel@gmail.com LinkedIn IMDb Dones Visuals \u00bfCine o televisi\u00f3n? \u00bfLibros o pel\u00edculas? \u00a1Es dif\u00edcil escoger cuando lo que \u2713","robots":{"index":"index","follow":"follow","max-snippet":"max-snippet:-1","max-image-preview":"max-image-preview:large","max-video-preview":"max-video-preview:-1"},"canonical":"https:\/\/martagraurafel.com\/es\/contacto\/","og_locale":"es_ES","og_type":"article","og_title":"\u25b7Sobre mi - \u3010 Marta Grau Rafel \u3011","og_description":"Sobre mi Escr\u00edbeme un correo a mgraurafel@gmail.com LinkedIn IMDb Dones Visuals \u00bfCine o televisi\u00f3n? \u00bfLibros o pel\u00edculas? \u00a1Es dif\u00edcil escoger cuando lo que \u2713","og_url":"https:\/\/martagraurafel.com\/es\/contacto\/","og_site_name":"Marta Grau Rafel","article_modified_time":"2025-10-22T13:17:49+00:00","og_image":[{"width":332,"height":514,"url":"https:\/\/martagraurafel.com\/wp-content\/uploads\/2025\/07\/Rectangle-43.png","type":"image\/png"}],"twitter_card":"summary_large_image","twitter_misc":{"Tiempo de lectura":"2 minutos"},"schema":{"@context":"https:\/\/schema.org","@graph":[{"@type":"WebPage","@id":"https:\/\/martagraurafel.com\/es\/contacto\/","url":"https:\/\/martagraurafel.com\/es\/contacto\/","name":"\u25b7Sobre mi - \u3010 Marta Grau Rafel \u3011","isPartOf":{"@id":"https:\/\/martagraurafel.com\/es\/#website"},"primaryImageOfPage":{"@id":"https:\/\/martagraurafel.com\/es\/contacto\/#primaryimage"},"image":{"@id":"https:\/\/martagraurafel.com\/es\/contacto\/#primaryimage"},"thumbnailUrl":"https:\/\/martagraurafel.com\/wp-content\/uploads\/2025\/07\/Rectangle-43.png","datePublished":"2023-02-07T10:05:17+00:00","dateModified":"2025-10-22T13:17:49+00:00","description":"Sobre mi Escr\u00edbeme un correo a mgraurafel@gmail.com LinkedIn IMDb Dones Visuals \u00bfCine o televisi\u00f3n? \u00bfLibros o pel\u00edculas? \u00a1Es dif\u00edcil escoger cuando lo que \u2713","breadcrumb":{"@id":"https:\/\/martagraurafel.com\/es\/contacto\/#breadcrumb"},"inLanguage":"es","potentialAction":[{"@type":"ReadAction","target":["https:\/\/martagraurafel.com\/es\/contacto\/"]}]},{"@type":"ImageObject","inLanguage":"es","@id":"https:\/\/martagraurafel.com\/es\/contacto\/#primaryimage","url":"https:\/\/martagraurafel.com\/wp-content\/uploads\/2025\/07\/Rectangle-43.png","contentUrl":"https:\/\/martagraurafel.com\/wp-content\/uploads\/2025\/07\/Rectangle-43.png"},{"@type":"BreadcrumbList","@id":"https:\/\/martagraurafel.com\/es\/contacto\/#breadcrumb","itemListElement":[{"@type":"ListItem","position":1,"name":"Portada","item":"https:\/\/martagraurafel.com\/es\/"},{"@type":"ListItem","position":2,"name":"Sobre mi"}]},{"@type":"WebSite","@id":"https:\/\/martagraurafel.com\/es\/#website","url":"https:\/\/martagraurafel.com\/es\/","name":"Marta Grau Rafel","description":"Escriptora, guionista, consultora i docent","potentialAction":[{"@type":"SearchAction","target":{"@type":"EntryPoint","urlTemplate":"https:\/\/martagraurafel.com\/es\/?s={search_term_string}"},"query-input":{"@type":"PropertyValueSpecification","valueRequired":true,"valueName":"search_term_string"}}],"inLanguage":"es"}]}},"_links":{"self":[{"href":"https:\/\/martagraurafel.com\/es\/wp-json\/wp\/v2\/pages\/2824","targetHints":{"allow":["GET"]}}],"collection":[{"href":"https:\/\/martagraurafel.com\/es\/wp-json\/wp\/v2\/pages"}],"about":[{"href":"https:\/\/martagraurafel.com\/es\/wp-json\/wp\/v2\/types\/page"}],"author":[{"embeddable":true,"href":"https:\/\/martagraurafel.com\/es\/wp-json\/wp\/v2\/users\/2"}],"replies":[{"embeddable":true,"href":"https:\/\/martagraurafel.com\/es\/wp-json\/wp\/v2\/comments?post=2824"}],"version-history":[{"count":5,"href":"https:\/\/martagraurafel.com\/es\/wp-json\/wp\/v2\/pages\/2824\/revisions"}],"predecessor-version":[{"id":4357,"href":"https:\/\/martagraurafel.com\/es\/wp-json\/wp\/v2\/pages\/2824\/revisions\/4357"}],"wp:attachment":[{"href":"https:\/\/martagraurafel.com\/es\/wp-json\/wp\/v2\/media?parent=2824"}],"curies":[{"name":"wp","href":"https:\/\/api.w.org\/{rel}","templated":true}]}}